{"id":245,"date":"2024-10-30T18:52:35","date_gmt":"2024-10-30T18:52:35","guid":{"rendered":"http:\/\/www.naturalorganicos.com\/?page_id=245"},"modified":"2025-01-18T03:09:40","modified_gmt":"2025-01-18T03:09:40","slug":"acido-urico","status":"publish","type":"page","link":"https:\/\/www.naturalorganicos.com\/?page_id=245","title":{"rendered":"Acido \u00darico"},"content":{"rendered":"<div class=\"wp-block-image\">\n<figure class=\"aligncenter size-large is-resized\"><img fetchpriority=\"high\" decoding=\"async\" width=\"768\" height=\"1024\" src=\"http:\/\/www.naturalorganicos.com\/wp-content\/uploads\/2024\/10\/uric-768x1024.jpg\" alt=\"\" class=\"wp-image-248\" style=\"aspect-ratio:1;width:320px;height:auto\" srcset=\"https:\/\/www.naturalorganicos.com\/wp-content\/uploads\/2024\/10\/uric-768x1024.jpg 768w, https:\/\/www.naturalorganicos.com\/wp-content\/uploads\/2024\/10\/uric-225x300.jpg 225w, https:\/\/www.naturalorganicos.com\/wp-content\/uploads\/2024\/10\/uric-1152x1536.jpg 1152w, https:\/\/www.naturalorganicos.com\/wp-content\/uploads\/2024\/10\/uric.jpg 1200w\" sizes=\"(max-width: 768px) 100vw, 768px\" \/><figcaption class=\"wp-element-caption\"><em><strong>$ 150.00<\/strong><\/em><\/figcaption><\/figure>\n<\/div>\n\n\n<p>La&nbsp;<strong>cola&nbsp;de&nbsp;caballo<\/strong>&nbsp;(Equisetum&nbsp;arvense)&nbsp;es&nbsp;una&nbsp;planta&nbsp;medicinal&nbsp;conocida&nbsp;por&nbsp;sus&nbsp;propiedades&nbsp;diur\u00e9ticas,&nbsp;depurativas&nbsp;y&nbsp;antiinflamatorias<\/p>\n\n\n\n<p><strong>Zarzaparrilla<\/strong>:&nbsp;Tambi\u00e9n&nbsp;es&nbsp;un&nbsp;excelente&nbsp;diur\u00e9tico&nbsp;y&nbsp;purificador&nbsp;de&nbsp;sangre2.&nbsp;Ayuda&nbsp;a&nbsp;aumentar&nbsp;la&nbsp;emisi\u00f3n&nbsp; de&nbsp;orina&nbsp;y&nbsp;favorecer&nbsp;la&nbsp;eliminaci\u00f3n&nbsp;del&nbsp;exceso&nbsp;de&nbsp;\u00e1cido&nbsp;\u00farico<\/p>\n\n\n\n<h3 class=\"wp-block-heading\">Beneficios&nbsp;del&nbsp;Romero:<\/h3>\n\n\n\n<ol start=\"1\" class=\"wp-block-list\">\n<li><strong>Propiedades&nbsp;Antiinflamatorias<\/strong>:&nbsp;Puede&nbsp;ayudar&nbsp;a&nbsp;reducir&nbsp;la&nbsp;inflamaci\u00f3n&nbsp;y&nbsp;aliviar&nbsp;el&nbsp;dolor.<\/li>\n\n\n\n<li><strong>Mejora&nbsp;la&nbsp;Digesti\u00f3n<\/strong>:&nbsp;Estimula&nbsp;la&nbsp;producci\u00f3n&nbsp;de&nbsp;bilis,&nbsp;mejorando&nbsp;la&nbsp;digesti\u00f3n.<\/li>\n\n\n\n<li><strong>Antioxidante&nbsp;Natural<\/strong>:&nbsp;Protege&nbsp;las&nbsp;c\u00e9lulas&nbsp;del&nbsp;da\u00f1o&nbsp;oxidativo.<\/li>\n\n\n\n<li><strong>Estimula&nbsp;la&nbsp;Circulaci\u00f3n<\/strong>:&nbsp;Mejora&nbsp;la&nbsp;circulaci\u00f3n&nbsp;sangu\u00ednea.<\/li>\n\n\n\n<li><strong>Propiedades&nbsp;Antimicrobianas<\/strong>:&nbsp;Puede&nbsp;ayudar&nbsp;a&nbsp;combatir&nbsp;infecciones&nbsp;bacterianas&nbsp;y&nbsp;f\u00fangica  <\/li>\n<\/ol>\n\n\n\n<h3 class=\"wp-block-heading\">Beneficios&nbsp;del&nbsp;Diente&nbsp;de&nbsp;Le\u00f3n:<\/h3>\n\n\n\n<ol start=\"1\" class=\"wp-block-list\">\n<li><strong>Propiedades&nbsp;Diur\u00e9ticas<\/strong>:&nbsp;Ayuda&nbsp;a&nbsp;eliminar&nbsp;el&nbsp;exceso&nbsp;de&nbsp;l\u00edquidos&nbsp;y&nbsp;toxinas&nbsp;del&nbsp;cuerpo.<\/li>\n\n\n\n<li><strong>Apoyo&nbsp;Digestivo<\/strong>:&nbsp;Estimula&nbsp;la&nbsp;producci\u00f3n&nbsp;de&nbsp;bilis,&nbsp;lo&nbsp;que&nbsp;ayuda&nbsp;a&nbsp;mejorar&nbsp;la&nbsp;digesti\u00f3n.<\/li>\n\n\n\n<li><strong>Detoxificaci\u00f3n&nbsp;del&nbsp;H\u00edgado<\/strong>:&nbsp;Ayuda&nbsp;a&nbsp;limpiar&nbsp;y&nbsp;desintoxicar&nbsp;el&nbsp;h\u00edgado.<\/li>\n\n\n\n<li><strong>Antiinflamatorio&nbsp;Natural<\/strong>:&nbsp;Puede&nbsp;reducir&nbsp;la&nbsp;inflamaci\u00f3n&nbsp;en&nbsp;el&nbsp;cuerpo.<\/li>\n\n\n\n<li><strong>Rico&nbsp;en&nbsp;Nutrientes<\/strong>:&nbsp;Contiene&nbsp;vitaminas&nbsp;A,&nbsp;C,&nbsp;K,&nbsp;y&nbsp;minerales&nbsp;como&nbsp;hierro,&nbsp;calcio&nbsp;y&nbsp;potasio.<\/li>\n<\/ol>\n\n\n\n<p><\/p>\n","protected":false},"excerpt":{"rendered":"<p>La&nbsp;cola&nbsp;de&nbsp;caballo&nbsp;(Equisetum&nbsp;arvense)&nbsp;es&nbsp;una&nbsp;planta&nbsp;medicinal&nbsp;conocida&nbsp;por&nbsp;sus&nbsp;propiedades&nbsp;diur\u00e9ticas,&nbsp;depurativas&nbsp;y&nbsp;antiinflamatorias Zarzaparrilla:&nbsp;Tambi\u00e9n&nbsp;es&nbsp;un&nbsp;excelente&nbsp;diur\u00e9tico&nbsp;y&nbsp;purificador&nbsp;de&nbsp;sangre2.&nbsp;Ayuda&nbsp;a&nbsp;aumentar&nbsp;la&nbsp;emisi\u00f3n&nbsp; de&nbsp;orina&nbsp;y&nbsp;favorecer&nbsp;la&nbsp;eliminaci\u00f3n&nbsp;del&nbsp;exceso&nbsp;de&nbsp;\u00e1cido&nbsp;\u00farico Beneficios&nbsp;del&nbsp;Romero: Beneficios&nbsp;del&nbsp;Diente&nbsp;de&nbsp;Le\u00f3n:<\/p>\n","protected":false},"author":1,"featured_media":0,"parent":0,"menu_order":0,"comment_status":"closed","ping_status":"closed","template":"","meta":{"footnotes":""},"class_list":["post-245","page","type-page","status-publish","hentry"],"jetpack_sharing_enabled":true,"_links":{"self":[{"href":"https:\/\/www.naturalorganicos.com\/index.php?rest_route=\/wp\/v2\/pages\/245","targetHints":{"allow":["GET"]}}],"collection":[{"href":"https:\/\/www.naturalorganicos.com\/index.php?rest_route=\/wp\/v2\/pages"}],"about":[{"href":"https:\/\/www.naturalorganicos.com\/index.php?rest_route=\/wp\/v2\/types\/page"}],"author":[{"embeddable":true,"href":"https:\/\/www.naturalorganicos.com\/index.php?rest_route=\/wp\/v2\/users\/1"}],"replies":[{"embeddable":true,"href":"https:\/\/www.naturalorganicos.com\/index.php?rest_route=%2Fwp%2Fv2%2Fcomments&post=245"}],"version-history":[{"count":12,"href":"https:\/\/www.naturalorganicos.com\/index.php?rest_route=\/wp\/v2\/pages\/245\/revisions"}],"predecessor-version":[{"id":356,"href":"https:\/\/www.naturalorganicos.com\/index.php?rest_route=\/wp\/v2\/pages\/245\/revisions\/356"}],"wp:attachment":[{"href":"https:\/\/www.naturalorganicos.com\/index.php?rest_route=%2Fwp%2Fv2%2Fmedia&parent=245"}],"curies":[{"name":"wp","href":"https:\/\/api.w.org\/{rel}","templated":true}]}}