{"id":75,"date":"2020-09-08T23:26:23","date_gmt":"2020-09-08T23:26:23","guid":{"rendered":"http:\/\/www.naturalorganicos.com\/?page_id=75"},"modified":"2022-07-06T19:49:06","modified_gmt":"2022-07-06T19:49:06","slug":"prostata-menopausia-y-fertilidad","status":"publish","type":"page","link":"https:\/\/www.naturalorganicos.com\/?page_id=75","title":{"rendered":"Pr\u00f3stata, Menopausia y                                     Fertilidad"},"content":{"rendered":"\n<figure class=\"wp-block-image size-large is-resized\"><img fetchpriority=\"high\" decoding=\"async\" src=\"http:\/\/www.naturalorganicos.com\/wp-content\/uploads\/2020\/09\/maca-768x1024.jpg\" alt=\"\" class=\"wp-image-76\" width=\"468\" height=\"624\" srcset=\"https:\/\/www.naturalorganicos.com\/wp-content\/uploads\/2020\/09\/maca-768x1024.jpg 768w, https:\/\/www.naturalorganicos.com\/wp-content\/uploads\/2020\/09\/maca-225x300.jpg 225w, https:\/\/www.naturalorganicos.com\/wp-content\/uploads\/2020\/09\/maca-1152x1536.jpg 1152w, https:\/\/www.naturalorganicos.com\/wp-content\/uploads\/2020\/09\/maca-1536x2048.jpg 1536w, https:\/\/www.naturalorganicos.com\/wp-content\/uploads\/2020\/09\/maca.jpg 1920w\" sizes=\"(max-width: 468px) 100vw, 468px\" \/><figcaption>Maca Negra, Maca Roja, Maca Amarilla<\/figcaption><\/figure>\n\n\n\n<p>                                                           $ 160.00<\/p>\n\n\n\n<p>&nbsp;&nbsp;&nbsp;&nbsp;&nbsp;&nbsp;&nbsp;&nbsp;&nbsp;&nbsp;&nbsp;&nbsp;&nbsp;&nbsp;&nbsp;&nbsp;&nbsp;&nbsp;&nbsp;&nbsp;&nbsp;&nbsp;&nbsp;&nbsp;&nbsp;&nbsp;&nbsp;&nbsp;&nbsp;&nbsp;&nbsp;&nbsp;&nbsp;       &nbsp;   LOS TRES TIPOS DE MACA.<\/p>\n\n\n\n<figure class=\"wp-block-image size-large is-resized\"><img decoding=\"async\" src=\"http:\/\/www.naturalorganicos.com\/wp-content\/uploads\/2020\/09\/maca-negra-roja-amarilla-341.jpg\" alt=\"\" class=\"wp-image-78\" width=\"304\" height=\"151\"\/><\/figure>\n\n\n\n<p class=\"has-text-align-center\">La maca (Lepidium meyenii) es una planta medicinal originaria del Per\u00fa . Tambi\u00e9n es conocido como Ginseng peruano debido a sus muchos beneficios para la salud. Recientemente de moda en Europa, la ra\u00edz de la maca, ya sea roja, negra o amarilla, se ha utilizado durante m\u00e1s de 5000 a\u00f1os en su tierra natal.<\/p>\n\n\n\n<p class=\"has-text-align-center\">La <a href=\"https:\/\/www.herbolariogeoherbal.com\/buscar\/maca\">maca&nbsp;<\/a>(Lepidium meyenii) es una planta que se usa principalmente por sus beneficios de fertilidad. \u00bfPero de qu\u00e9 maca estamos hablando? \u00bfEs la maca roja? Maca amarilla? \u00bfO la maca negra? Existen diferentes macas que suelen distinguirse por su color. Hay m\u00e1s de una docena en total, pero generalmente hay tres en el mercado: rojo, amarillo y negro.<\/p>\n\n\n\n<p class=\"has-text-align-center\">Cada una de estas ra\u00edces de maca tiene sus propios componentes y beneficios para la salud.&nbsp;Por ejemplo, el polvo de maca roja tiene propiedades curativas para la pr\u00f3stata y la maca amarilla en beneficio del equilibrio hormonal femenino.&nbsp;Pero desentra\u00f1ar todas estas caracter\u00edsticas puede resultar un asunto complicado.&nbsp;Es por eso que hemos reunido para usted en este art\u00edculo y en la forma m\u00e1s simple posible, todas las propiedades y todos los beneficios de las macas rojo, amarillo y negro.<\/p>\n\n\n\n<p class=\"has-text-align-center\">Los beneficios de la ra\u00edz de maca roja.<\/p>\n\n\n\n<p class=\"has-text-align-center\">Aunque todas las Maca son similares en composici\u00f3n y efectos a la salud, tambi\u00e9n tienen sus propias particularidades.<\/p>\n\n\n\n<p class=\"has-text-align-center\">La maca roja, se distingue por su mayor tasa de antioxidantes y amino\u00e1cidos.&nbsp;El polvo rojo de la ra\u00edz de maca, gracias a su composici\u00f3n especial, ayuda a combatir el c\u00e1ncer de pr\u00f3stata, la p\u00e9rdida de densidad \u00f3sea, el estr\u00e9s y los s\u00edntomas depresivos.&nbsp;La maca roja tambi\u00e9n ayuda a estabilizar las hormonas, aumentar la fuerza y \u200b\u200bla resistencia de quien las consume.<\/p>\n\n\n\n<p class=\"has-text-align-center\">A diferencia de la maca amarilla o la maca negra, la ra\u00edz de maca roja no ayuda a aumentar el volumen de esperma producido por los humanos.<\/p>\n\n\n\n<p class=\"has-text-align-center\">Los beneficios de la ra\u00edz de maca negra.<\/p>\n\n\n\n<p class=\"has-text-align-center\">La maca negra, a veces tambi\u00e9n llamada \u00abviagra natural\u00bb, es la ra\u00edz de maca m\u00e1s efectiva cuando se trata de virilidad.&nbsp;El polvo de ra\u00edz de maca negra es a menudo la elecci\u00f3n de las parejas que no pueden concebir porque aumenta considerablemente el volumen de esperma producido por los humanos, lo que tiene el efecto de aumentar la fertilidad nuevamente. .<\/p>\n\n\n\n<p class=\"has-text-align-center\">Tambi\u00e9n se sabe que el polvo de ra\u00edz de maca negro tiene efectos beneficiosos sobre los niveles de estr\u00e9s, fatiga cr\u00f3nica, memoria y capacidad de aprendizaje. Finalmente, la ra\u00edz de maca negra ayuda a lidiar con todos los s\u00edntomas comunes de la depresi\u00f3n, como el insomnio, los cambios de humor y la estabilizaci\u00f3n del sistema inmunol\u00f3gico, que tambi\u00e9n pueden ayudar a prevenir resfriados leves.<\/p>\n\n\n\n<p class=\"has-text-align-center\">Los beneficios de la ra\u00edz de maca amarilla.<\/p>\n\n\n\n<p class=\"has-text-align-center\">La maca amarilla, o crema de maca, tiene la forma de un polvo marr\u00f3n claro.&nbsp;Nuevamente, aunque la composici\u00f3n est\u00e1 cerca de las otras dos macas, el polvo de maca amarilla tiene sus propias propiedades y sus propios beneficios.<\/p>\n\n\n\n<p class=\"has-text-align-center\">El polvo amarillo de ra\u00edz de maca es m\u00e1s popular entre las mujeres porque ayuda a aliviar los s\u00edntomas de la menopausia, incluidos los calambres y los cambios de humor.&nbsp;Antes de la menopausia, la maca amarilla puede aumentar la fertilidad femenina; la ra\u00edz de la maca amarilla ayuda al equilibrio hormonal femenino en general.<\/p>\n\n\n\n<p class=\"has-text-align-center\">La ra\u00edz de maca amarilla tambi\u00e9n tiene la virtud de mejorar el estado de \u00e1nimo tanto de hombres como de mujeres.<\/p>\n\n\n\n<p class=\"has-text-align-center\">Maca, una planta cuyos beneficios para la salud se conocen desde hace milenios.<\/p>\n\n\n\n<p class=\"has-text-align-center\">La maca (Lepidium meyenii) es una&nbsp;planta medicinal originaria del Per\u00fa&nbsp;.&nbsp;Tambi\u00e9n es conocido como Ginseng peruano debido a sus muchos beneficios para la salud.&nbsp;Recientemente de moda en Europa, la ra\u00edz de la maca, ya sea roja, negra o amarilla, se ha utilizado durante m\u00e1s de 5000 a\u00f1os en su tierra natal.<\/p>\n\n\n\n<p class=\"has-text-align-center\">Las tribus incas de la \u00e9poca lo usaban como afrodis\u00edaco, pero tambi\u00e9n para promover la fertilidad y la virilidad de los emperadores y guerreros.<\/p>\n\n\n\n<p class=\"has-text-align-center\">La ra\u00edz de Maca crece en las monta\u00f1as entre 3000 y 5000 metros sobre el nivel del mar, lo que hace que sea menos com\u00fan y m\u00e1s dif\u00edcil de cultivar.&nbsp;Fue por esta raz\u00f3n que durante mucho tiempo se reserv\u00f3 para las \u00e9lites peruanas antes de que los conquistadores aterrizaran y pudieran desarrollar la producci\u00f3n.&nbsp;Los espa\u00f1oles tambi\u00e9n usaron la ra\u00edz de maca en sus caballos para aumentar su energ\u00eda y fertilidad.<\/p>\n\n\n\n<p class=\"has-text-align-center\">Introducida en los a\u00f1os siguientes en Europa y en todo el mundo, la maca heredar\u00e1 su apodo ginseng peruano debido a sus efectos tonificantes, afrodis\u00edacos y de equilibrio.<\/p>\n\n\n\n<p class=\"has-text-align-center\">Hoy en d\u00eda, la ra\u00edz de maca est\u00e1 ganando inter\u00e9s como resultado de varios estudios cient\u00edficos que han demostrado ser beneficiosos.&nbsp;<\/p>\n\n\n\n<div class=\"wp-block-columns is-layout-flex wp-container-core-columns-is-layout-9d6595d7 wp-block-columns-is-layout-flex\">\n<div class=\"wp-block-column is-layout-flow wp-block-column-is-layout-flow\" style=\"flex-basis:100%\">\n<figure class=\"wp-block-image size-full\"><img decoding=\"async\" width=\"448\" height=\"336\" src=\"http:\/\/www.naturalorganicos.com\/wp-content\/uploads\/2022\/07\/IMG_20220515_132207.jpg\" alt=\"\" class=\"wp-image-182\" srcset=\"https:\/\/www.naturalorganicos.com\/wp-content\/uploads\/2022\/07\/IMG_20220515_132207.jpg 448w, https:\/\/www.naturalorganicos.com\/wp-content\/uploads\/2022\/07\/IMG_20220515_132207-300x225.jpg 300w\" sizes=\"(max-width: 448px) 100vw, 448px\" \/><figcaption><strong>Para qu\u00e9\u00a0sirve<\/strong><br>El saw palmetto posee propiedades medicinales diur\u00e9ticas, antiinflamatorias, antiseborreicas, antiandrog\u00e9nicas y afrodis\u00edacas, adem\u00e1s de poder\u00a0inhibir el crecimiento de las c\u00e9lulas de la pr\u00f3stata.<br>Entre las principales indicaciones del saw palmetto\u00a0se\u00a0incluyen las siguientes:<br>\u00b7\u00a0\u00a0\u00a0\u00a0\u00a0\u00a0\u00a0\u00a0 Agrandamiento\u00a0de la pr\u00f3stata;<br>\u00b7\u00a0\u00a0\u00a0\u00a0\u00a0\u00a0\u00a0\u00a0 Tumor benigno de la pr\u00f3stata;\u00a0<br>\u00b7\u00a0\u00a0\u00a0\u00a0\u00a0\u00a0\u00a0\u00a0 Inflamaci\u00f3n de\u00a0la\u00a0pr\u00f3stata;<br>\u00b7\u00a0\u00a0\u00a0\u00a0\u00a0\u00a0\u00a0\u00a0 Problemas urinarios;<br>\u00b7\u00a0\u00a0\u00a0\u00a0\u00a0\u00a0\u00a0\u00a0 Cistitis;<br>\u00b7\u00a0\u00a0\u00a0\u00a0\u00a0\u00a0\u00a0\u00a0 Eyaculaci\u00f3n\u00a0precoz;<br>\u00b7\u00a0\u00a0\u00a0\u00a0\u00a0\u00a0\u00a0\u00a0 Impotencia sexual;<br>\u00b7\u00a0\u00a0\u00a0\u00a0\u00a0\u00a0\u00a0\u00a0 Eccema.<br>Algunos estudios indican que el saw palmetto\u00a0tambi\u00e9n puede\u00a0ayudar\u00a0en el tratamiento de la calvicie, ya que parece disminuir la ca\u00edda del cabello.<br>Aunque tiene\u00a0muchos beneficios, esta planta medicinal siempre debe ser\u00a0utilizada bajo\u00a0orientaci\u00f3n m\u00e9dica.<\/figcaption><\/figure>\n<\/div>\n<\/div>\n","protected":false},"excerpt":{"rendered":"<p>$ 160.00 &nbsp;&nbsp;&nbsp;&nbsp;&nbsp;&nbsp;&nbsp;&nbsp;&nbsp;&nbsp;&nbsp;&nbsp;&nbsp;&nbsp;&nbsp;&nbsp;&nbsp;&nbsp;&nbsp;&nbsp;&nbsp;&nbsp;&nbsp;&nbsp;&nbsp;&nbsp;&nbsp;&nbsp;&nbsp;&nbsp;&nbsp;&nbsp;&nbsp; &nbsp; LOS TRES TIPOS DE MACA. La maca (Lepidium meyenii) es una planta medicinal originaria del Per\u00fa&#8230;<\/p>\n","protected":false},"author":1,"featured_media":0,"parent":0,"menu_order":0,"comment_status":"closed","ping_status":"closed","template":"","meta":{"footnotes":""},"class_list":["post-75","page","type-page","status-publish","hentry"],"jetpack_sharing_enabled":true,"_links":{"self":[{"href":"https:\/\/www.naturalorganicos.com\/index.php?rest_route=\/wp\/v2\/pages\/75","targetHints":{"allow":["GET"]}}],"collection":[{"href":"https:\/\/www.naturalorganicos.com\/index.php?rest_route=\/wp\/v2\/pages"}],"about":[{"href":"https:\/\/www.naturalorganicos.com\/index.php?rest_route=\/wp\/v2\/types\/page"}],"author":[{"embeddable":true,"href":"https:\/\/www.naturalorganicos.com\/index.php?rest_route=\/wp\/v2\/users\/1"}],"replies":[{"embeddable":true,"href":"https:\/\/www.naturalorganicos.com\/index.php?rest_route=%2Fwp%2Fv2%2Fcomments&post=75"}],"version-history":[{"count":4,"href":"https:\/\/www.naturalorganicos.com\/index.php?rest_route=\/wp\/v2\/pages\/75\/revisions"}],"predecessor-version":[{"id":183,"href":"https:\/\/www.naturalorganicos.com\/index.php?rest_route=\/wp\/v2\/pages\/75\/revisions\/183"}],"wp:attachment":[{"href":"https:\/\/www.naturalorganicos.com\/index.php?rest_route=%2Fwp%2Fv2%2Fmedia&parent=75"}],"curies":[{"name":"wp","href":"https:\/\/api.w.org\/{rel}","templated":true}]}}